{"id":7,"date":"2011-04-10T12:06:16","date_gmt":"2011-04-10T12:06:16","guid":{"rendered":"http:\/\/taekwondo-maxhuette.de.dd14908.kasserver.com\/?page_id=7"},"modified":"2026-03-02T19:41:30","modified_gmt":"2026-03-02T19:41:30","slug":"events-termine","status":"publish","type":"page","link":"https:\/\/taekwondo-maxhuette.de\/?page_id=7","title":{"rendered":"Termine"},"content":{"rendered":"<p style=\"text-align: center;\"><span style=\"font-size: 18pt;\"><strong><span style=\"font-family: arial, helvetica, sans-serif;\">Termine 2026<\/span><\/strong><\/span><\/p>\n<p style=\"text-align: left;\">G\u00fcrtelpr\u00fcfung 20.03.2026&nbsp; Treffen: 17:30 Uhr&nbsp; \/&nbsp;<strong> Beginn: 18:00 Uhr<\/strong><\/p>\n<p>Mitgliederversammlung am 26.03.2026 um 20:00 Uhr in der Halle (kein separater Raum mehr vorhanden)<\/p>\n<p>40 j\u00e4hriges Vereinsjubil\u00e4um \/ Grillfeier im Sommer&nbsp; \/ Infos folgen<\/p>\n<p>Lehrgang f\u00fcr die Mitglieder im Rahmen des Vereinsjubil\u00e4ums<\/p>\n<p>G\u00fcrtelpr\u00fcfung November 2026&nbsp; Beginn: 18:00 Uhr<\/p>\n<p>19.12.2026 Danpr\u00fcfung in Wackersdorf&nbsp;<\/p>\n<p>Nov.\/Dez. Weihnachtsfeier in Verau \/ Kegel beim &#8222;Gocklwirt&#8220; 15 Uhr &#8211; 18:30 Uhr Kids \/ ab 19 Uhr Erwachsene bis open End (Turnschuhe extra mitbringen)<\/p>\n<p>&nbsp;<\/p>\n","protected":false},"excerpt":{"rendered":"<p>Termine 2026 G\u00fcrtelpr\u00fcfung 20.03.2026&nbsp; Treffen: 17:30 Uhr&nbsp; \/&nbsp; Beginn: 18:00 Uhr Mitgliederversammlung am 26.03.2026 um 20:00 Uhr in der Halle (kein separater Raum mehr vorhanden) 40 j\u00e4hriges Vereinsjubil\u00e4um \/ Grillfeier im Sommer&nbsp; \/ Infos folgen Lehrgang f\u00fcr die Mitglieder im Rahmen des Vereinsjubil\u00e4ums G\u00fcrtelpr\u00fcfung November 2026&nbsp; Beginn: 18:00 Uhr 19.12.2026 &hellip;<\/p>\n","protected":false},"author":3,"featured_media":0,"parent":0,"menu_order":3,"comment_status":"closed","ping_status":"closed","template":"","meta":{"footnotes":""},"class_list":["post-7","page","type-page","status-publish","hentry"],"_links":{"self":[{"href":"https:\/\/taekwondo-maxhuette.de\/index.php?rest_route=\/wp\/v2\/pages\/7","targetHints":{"allow":["GET"]}}],"collection":[{"href":"https:\/\/taekwondo-maxhuette.de\/index.php?rest_route=\/wp\/v2\/pages"}],"about":[{"href":"https:\/\/taekwondo-maxhuette.de\/index.php?rest_route=\/wp\/v2\/types\/page"}],"author":[{"embeddable":true,"href":"https:\/\/taekwondo-maxhuette.de\/index.php?rest_route=\/wp\/v2\/users\/3"}],"replies":[{"embeddable":true,"href":"https:\/\/taekwondo-maxhuette.de\/index.php?rest_route=%2Fwp%2Fv2%2Fcomments&post=7"}],"version-history":[{"count":0,"href":"https:\/\/taekwondo-maxhuette.de\/index.php?rest_route=\/wp\/v2\/pages\/7\/revisions"}],"wp:attachment":[{"href":"https:\/\/taekwondo-maxhuette.de\/index.php?rest_route=%2Fwp%2Fv2%2Fmedia&parent=7"}],"curies":[{"name":"wp","href":"https:\/\/api.w.org\/{rel}","templated":true}]}}