{"id":5,"date":"2011-04-10T12:05:20","date_gmt":"2011-04-10T12:05:20","guid":{"rendered":"http:\/\/taekwondo-maxhuette.de.dd14908.kasserver.com\/?page_id=5"},"modified":"2019-04-10T13:38:18","modified_gmt":"2019-04-10T13:38:18","slug":"tae-kwon-do","status":"publish","type":"page","link":"https:\/\/taekwondo-maxhuette.de\/?page_id=5","title":{"rendered":"Tae Kwon Do!"},"content":{"rendered":"<p><strong>Taekwondo<\/strong> ist eine moderne waffenlose Kampfkunst aus Korea, die auf eine lange traditionelle Entwicklung zur\u00fcckblicken kann. (ca. 3000 Jahre) Angestrebt werden K\u00f6rperbeherrschung, Selbstbewusstsein und geistige Reife.<\/p>\n<p>Im Taekwondo werden F\u00e4uste, Handkanten und Ellbogen (Handtechniken) ebenso wie Tritte und Spr\u00fcnge (Fu\u00dftechniken) eingesetzt, um einen oder mehrere Angreifer abzuwehren.<\/p>\n<p>Als Breiten- und Ausgleichssport f\u00fcr die ganze Familie dient es u.a. dem Erlernen effektiver Selbstverteidigung.<\/p>\n<p>Als Wettkampfsportart ist Taekwondo seit den Spielen in Sydney im Jahr 2000 olympische Disziplin. Dabei konnte der deutsche Teilnehmer Faissal Ebnoutalib eine Silbermedaille erringen (1988 in Seoul und 1992 in Barcelona war Taekwondo als Vorf\u00fchrdisziplin dabei.)<\/p>\n<p>&#8222;Taekwondo&#8220; setzt sich aus den drei koreanischen Worten zusammen:<\/p>\n<p><strong>TAE<\/strong> &#8211; Fu\u00df &#8211; im Sprung treten &#8211; steht f\u00fcr die Beintechniken<br \/>\n<strong>KWON<\/strong> &#8211; Faust &#8211; steht f\u00fcr die Handtechniken<br \/>\n<strong>DO<\/strong> &#8211; Weg, Kunst, Geist &#8211; bezeichnet den k\u00f6rperlichen und geistigen Reifeprozess.Das Zusammenspiel und die Koordination von K\u00f6rper und Geist.<\/p>\n<table style=\"width: 300px;\" cellspacing=\"1\" cellpadding=\"1\" border=\"0\" align=\"left\">\n<tbody>\n<tr>\n<td>Zu vermittelnde Lehre und Ziele des Taekwondo<\/p>\n<p><em>H\u00f6flichkeit und Anstand<br \/>\nIntegrit\u00e4t<br \/>\nDurchhalteverm\u00f6gen<br \/>\nSelbstdiziplin<br \/>\nUnbezwinglichkeit<\/em><\/td>\n<\/tr>\n<\/tbody>\n<\/table>\n<p>&nbsp;<\/p>\n<p>&nbsp;<\/p>\n<p>&nbsp;<\/p>\n<p>&nbsp;<\/p>\n<p>&nbsp;<\/p>\n<p><a href=\"http:\/\/de.wikipedia.org\/wiki\/Taekwondo\" target=\"_blank\" rel=\"noopener noreferrer\">Taekwondo bei Wikipedia<\/a><br \/>\nund nicht ganz ernst zu nehmen &nbsp;<a href=\"http:\/\/www.stupidedia.org\/stupi\/Taekwondo\" target=\"_blank\" rel=\"noopener noreferrer\">Taekwondo bei Stupidedia<\/a><\/p>\n","protected":false},"excerpt":{"rendered":"<p>Taekwondo ist eine moderne waffenlose Kampfkunst aus Korea, die auf eine lange traditionelle Entwicklung zur\u00fcckblicken kann. (ca. 3000 Jahre) Angestrebt werden K\u00f6rperbeherrschung, Selbstbewusstsein und geistige Reife. Im Taekwondo werden F\u00e4uste, Handkanten und Ellbogen (Handtechniken) ebenso wie Tritte und Spr\u00fcnge (Fu\u00dftechniken) eingesetzt, um einen oder mehrere Angreifer abzuwehren. Als Breiten- und &hellip;<\/p>\n","protected":false},"author":3,"featured_media":0,"parent":0,"menu_order":1,"comment_status":"closed","ping_status":"closed","template":"","meta":{"footnotes":""},"class_list":["post-5","page","type-page","status-publish","hentry"],"_links":{"self":[{"href":"https:\/\/taekwondo-maxhuette.de\/index.php?rest_route=\/wp\/v2\/pages\/5","targetHints":{"allow":["GET"]}}],"collection":[{"href":"https:\/\/taekwondo-maxhuette.de\/index.php?rest_route=\/wp\/v2\/pages"}],"about":[{"href":"https:\/\/taekwondo-maxhuette.de\/index.php?rest_route=\/wp\/v2\/types\/page"}],"author":[{"embeddable":true,"href":"https:\/\/taekwondo-maxhuette.de\/index.php?rest_route=\/wp\/v2\/users\/3"}],"replies":[{"embeddable":true,"href":"https:\/\/taekwondo-maxhuette.de\/index.php?rest_route=%2Fwp%2Fv2%2Fcomments&post=5"}],"version-history":[{"count":0,"href":"https:\/\/taekwondo-maxhuette.de\/index.php?rest_route=\/wp\/v2\/pages\/5\/revisions"}],"wp:attachment":[{"href":"https:\/\/taekwondo-maxhuette.de\/index.php?rest_route=%2Fwp%2Fv2%2Fmedia&parent=5"}],"curies":[{"name":"wp","href":"https:\/\/api.w.org\/{rel}","templated":true}]}}