{"id":4,"date":"2011-04-10T12:04:58","date_gmt":"2011-04-10T12:04:58","guid":{"rendered":"http:\/\/taekwondo-maxhuette.de.dd14908.kasserver.com\/?page_id=4"},"modified":"2023-05-28T11:08:40","modified_gmt":"2023-05-28T11:08:40","slug":"wer-wir-sind","status":"publish","type":"page","link":"https:\/\/taekwondo-maxhuette.de\/?page_id=4","title":{"rendered":"\u00dcber uns"},"content":{"rendered":"<p>Unser Verein umfasst mehr als 80 aktive Mitglieder.<br \/>\nDie Vereinsleitung setzt sich unter anderem durch den<\/p>\n<table style=\"width: 91.327%; height: 428px;\" border=\"1\" cellspacing=\"1\" cellpadding=\"1\" align=\"left\">\n<tbody>\n<tr style=\"height: 54px;\">\n<td style=\"height: 54px;\"><strong>Vereinsleiter Dr. Oldrich Kratochvil<\/strong><\/td>\n<td style=\"height: 54px;\"><\/td>\n<td style=\"height: 54px;\"><\/td>\n<td style=\"height: 54px;\"><\/td>\n<\/tr>\n<tr style=\"height: 187px;\">\n<td style=\"height: 187px;\"><strong>1. Vorstand Markus Winter<\/strong><\/p>\n<p>&nbsp;<\/td>\n<td style=\"height: 187px;\"><img loading=\"lazy\" decoding=\"async\" class=\"alignnone size-full wp-image-38\" src=\"https:\/\/taekwondo-maxhuette.de\/wp-content\/uploads\/2011\/04\/DSC_2980.jpg\" alt=\"\" width=\"150\" height=\"200\" \/><\/td>\n<td style=\"height: 187px;\"><strong>2. Vorstand Dirk Heinrich<\/strong><\/p>\n<p>Tel.: 09471 \/ 1285<\/td>\n<td style=\"height: 187px;\"><img loading=\"lazy\" decoding=\"async\" class=\"alignnone size-full wp-image-39\" src=\"https:\/\/taekwondo-maxhuette.de\/wp-content\/uploads\/2011\/04\/DSC_2982.jpg\" alt=\"\" width=\"150\" height=\"200\" \/><\/td>\n<\/tr>\n<tr style=\"height: 187px;\">\n<td style=\"height: 187px;\"><strong>Jugendleiter <\/strong><strong>Andre Schleinkofer<\/strong><\/td>\n<td style=\"height: 187px;\"><img loading=\"lazy\" decoding=\"async\" class=\"alignnone size-full wp-image-23\" src=\"https:\/\/taekwondo-maxhuette.de\/wp-content\/uploads\/2011\/04\/4-2.jpg\" alt=\"\" width=\"150\" height=\"200\" \/><\/td>\n<td style=\"height: 187px;\"><\/td>\n<td style=\"height: 187px;\"><\/td>\n<\/tr>\n<\/tbody>\n<\/table>\n<p>&nbsp;<\/p>\n<p>&nbsp;<\/p>\n<p>&nbsp;<\/p>\n<p>&nbsp;<\/p>\n<p>&nbsp;<\/p>\n<p>&nbsp;<\/p>\n<p>&nbsp;<\/p>\n<p>&nbsp;<\/p>\n<p>&nbsp;<\/p>\n<p>&nbsp;<\/p>\n<p>&nbsp;<\/p>\n<p>&nbsp;<\/p>\n<p><img loading=\"lazy\" decoding=\"async\" class=\"alignnone size-medium wp-image-641\" src=\"https:\/\/taekwondo-maxhuette.de\/wp-content\/uploads\/2022\/12\/Uebungsleiter-300x290.jpg\" alt=\"\" width=\"300\" height=\"290\" srcset=\"https:\/\/taekwondo-maxhuette.de\/wp-content\/uploads\/2022\/12\/Uebungsleiter-300x290.jpg 300w, https:\/\/taekwondo-maxhuette.de\/wp-content\/uploads\/2022\/12\/Uebungsleiter-1024x991.jpg 1024w, https:\/\/taekwondo-maxhuette.de\/wp-content\/uploads\/2022\/12\/Uebungsleiter-768x743.jpg 768w, https:\/\/taekwondo-maxhuette.de\/wp-content\/uploads\/2022\/12\/Uebungsleiter-362x350.jpg 362w, https:\/\/taekwondo-maxhuette.de\/wp-content\/uploads\/2022\/12\/Uebungsleiter.jpg 1042w\" sizes=\"auto, (max-width: 300px) 100vw, 300px\" \/><\/p>\n<p><span style=\"font-size: 14pt;\"><strong>Unsere vier Jungtrainer mit ihren neuen Trainerlizenzen. Gratulation!!!<\/strong><\/span><\/p>\n<p>&nbsp;<\/p>\n<p>zusammen und untersteht der DTU (Deutschen Taekwondo Union).<\/p>\n<p>Das Training findet in der Maxh\u00fctter Mehrzweckhalle an der Nordgaustra\u00dfe statt und es kann jeder der sich f\u00fcr diesen faszinierenden Sport interessiert vorbeikommen und auch gerne gleich mitmachen. Einstieg ist in jeder Altersklasse m\u00f6glich! Wir haben gr\u00f6\u00dftenteils Kinder in unseren Gruppen, also scheut euch nicht vorbeizukommen! Der Jahresbeitrag betr\u00e4gt f\u00fcr Kinder bis 16 Jahren 96 \u20ac und f\u00fcr Erwachsene 120 \u20ac plus einer einmaligen Aufnahmegeb\u00fchr von 15 \u20ac.<\/p>\n<p><u>Trainingszeiten :<\/u><br \/>\nDienstag :<br \/>\n<strong>18.00 &#8211; 19.00 Uhr Kindertraining (ab 6Jahren)<br \/>\n19.00 &#8211; 20.15 Uhr fortgeschrittene Kinder, Anf\u00e4nger Erwachsene, Teenager<br \/>\n20.15 &#8211; 21.30 Uhr Erwachsene, fortgeschrittene Kids jeden Alters ab Gr\u00fcn\/Blaugurt und alle ab 14 Jahren<\/strong><\/p>\n<p>Donnerstag:<br \/>\n<strong>20:00- 21:30 Uhr Wettkampftraining Fortgeschrittene bzw. Schwarzgurttraining f\u00fcr Danpr\u00fcfung und Erwachsenentraining<\/strong><\/p>\n<p>Freitag:<br \/>\n<strong>18.00 &#8211; 19.00 Uhr Kindertraining (ab 6Jahren)<br \/>\n19.00 &#8211; 20.15 Uhr fortgeschrittene Kinder, Anf\u00e4nger Erwachsene, Teenager<br \/>\n20.15 &#8211; 21.30 Uhr Erwachsene, fortgeschrittene Kids jeden Alters ab Gr\u00fcn\/Blaugurt und alle ab 14 Jahren<\/strong><\/p>\n<p><strong>Wer mehr Infos m\u00f6chte kann sich gerne postalisch oder per Kontaktformular an uns wenden:<\/strong><\/p>\n\n<div class=\"wpcf7 no-js\" id=\"wpcf7-f54-o1\" lang=\"en-US\" dir=\"ltr\" data-wpcf7-id=\"54\">\n<div class=\"screen-reader-response\"><p role=\"status\" aria-live=\"polite\" aria-atomic=\"true\"><\/p> <ul><\/ul><\/div>\n<form action=\"\/index.php?rest_route=%2Fwp%2Fv2%2Fpages%2F4#wpcf7-f54-o1\" method=\"post\" class=\"wpcf7-form init\" aria-label=\"Contact form\" novalidate=\"novalidate\" data-status=\"init\">\n<fieldset class=\"hidden-fields-container\"><input type=\"hidden\" name=\"_wpcf7\" value=\"54\" \/><input type=\"hidden\" name=\"_wpcf7_version\" value=\"6.1.5\" \/><input type=\"hidden\" name=\"_wpcf7_locale\" value=\"en_US\" \/><input type=\"hidden\" name=\"_wpcf7_unit_tag\" value=\"wpcf7-f54-o1\" \/><input type=\"hidden\" name=\"_wpcf7_container_post\" value=\"0\" \/><input type=\"hidden\" name=\"_wpcf7_posted_data_hash\" value=\"\" \/>\n<\/fieldset>\n<p>Ihr Name (Pflichtfeld)\n<\/p>\n<p><span class=\"wpcf7-form-control-wrap\" data-name=\"your-name\"><input size=\"40\" maxlength=\"400\" class=\"wpcf7-form-control wpcf7-text wpcf7-validates-as-required\" aria-required=\"true\" aria-invalid=\"false\" value=\"\" type=\"text\" name=\"your-name\" \/><\/span>\n<\/p>\n<p>Ihre Email (Pflichtfeld)\n<\/p>\n<p><span class=\"wpcf7-form-control-wrap\" data-name=\"your-email\"><input size=\"40\" maxlength=\"400\" class=\"wpcf7-form-control wpcf7-email wpcf7-validates-as-required wpcf7-text wpcf7-validates-as-email\" aria-required=\"true\" aria-invalid=\"false\" value=\"\" type=\"email\" name=\"your-email\" \/><\/span>\n<\/p>\n<p>Betreff\n<\/p>\n<p><span class=\"wpcf7-form-control-wrap\" data-name=\"your-subject\"><input size=\"40\" maxlength=\"400\" class=\"wpcf7-form-control wpcf7-text\" aria-invalid=\"false\" value=\"\" type=\"text\" name=\"your-subject\" \/><\/span>\n<\/p>\n<p>Ihre Nachricht\n<\/p>\n<p><span class=\"wpcf7-form-control-wrap\" data-name=\"your-message\"><textarea cols=\"40\" rows=\"10\" maxlength=\"2000\" class=\"wpcf7-form-control wpcf7-textarea\" aria-invalid=\"false\" name=\"your-message\"><\/textarea><\/span>\n<\/p>\n<p><span class=\"wpcf7-form-control-wrap kc_captcha\" data-name=\"kc_captcha\"><span class=\"wpcf7-form-control wpcf7-radio\"><span class=\"captcha-image\" ><span class=\"cf7ic_instructions\">Please prove you are human by selecting the<span> star<\/span>.<\/span><label><input aria-label=\"1\" type=\"radio\" name=\"kc_captcha\" value=\"bot\" \/><svg aria-hidden=\"true\" role=\"img\" xmlns=\"http:\/\/www.w3.org\/2000\/svg\" viewBox=\"0 0 576 512\"><path fill=\"currentColor\" d=\"M415 24c-53 0-103 42-127 65-24-23-74-65-127-65C70 24 16 77 16 166c0 72 67 133 69 135l187 181c9 8 23 8 32 0l187-180c2-3 69-64 69-136 0-89-54-142-145-142z\"\/><\/svg><\/label><label><input aria-label=\"2\" type=\"radio\" name=\"kc_captcha\" value=\"kc_human\" \/><svg aria-hidden=\"true\" role=\"img\" xmlns=\"http:\/\/www.w3.org\/2000\/svg\" viewBox=\"0 0 576 512\"><path fill=\"currentColor\" d=\"M259 18l-65 132-146 22c-26 3-37 36-18 54l106 103-25 146c-5 26 23 46 46 33l131-68 131 68c23 13 51-7 46-33l-25-146 106-103c19-18 8-51-18-54l-146-22-65-132a32 32 0 00-58 0z\"\/><\/svg><\/label><label><input aria-label=\"3\" type=\"radio\" name=\"kc_captcha\" value=\"bot\" \/><svg aria-hidden=\"true\" role=\"img\" xmlns=\"http:\/\/www.w3.org\/2000\/svg\" viewBox=\"0 0 640 512\"><path fill=\"currentColor\" d=\"M624 352h-16V244c0-13-5-25-14-34L494 110c-9-9-21-14-34-14h-44V48c0-26-21-48-48-48H48C22 0 0 22 0 48v320c0 27 22 48 48 48h16a96 96 0 00192 0h128a96 96 0 00192 0h48c9 0 16-7 16-16v-32c0-9-7-16-16-16zM160 464a48 48 0 110-96 48 48 0 010 96zm320 0a48 48 0 110-96 48 48 0 010 96zm80-208H416V144h44l100 100v12z\"\/><\/svg><\/label>\r\n    <\/span>\r\n    <span style=\"display:none\">\r\n        <input type=\"text\" name=\"kc_honeypot\">\r\n    <\/span><\/span><\/span>\n<\/p>\n<p><span class=\"wpcf7-form-control-wrap\" data-name=\"acceptance-932\"><span class=\"wpcf7-form-control wpcf7-acceptance\"><span class=\"wpcf7-list-item\"><input type=\"checkbox\" name=\"acceptance-932\" value=\"1\" aria-invalid=\"false\" \/><\/span><\/span><\/span>Ich habe die <a href=\"http:\/\/taekwondo-maxhuette.de\/?page_id=271\" target=\"_blank\">Datenschutzerkl\u00e4rung<\/a> zur Kenntnis genommen.<br \/>\nIch stimme zu, dass meine Angaben zur Kontaktaufnahme und f\u00fcr R\u00fcckfragen dauerhaft gespeichert werden.\n<\/p>\n<p><input class=\"wpcf7-form-control wpcf7-submit has-spinner\" type=\"submit\" value=\"Senden\" \/>\n<\/p><div class=\"wpcf7-response-output\" aria-hidden=\"true\"><\/div>\n<\/form>\n<\/div>\n\n<p>Hier findet ihr noch eine kleine Wegbeschreibung zur Halle, falls ihr einfach nur mal zuschauen, oder besser gleich mitmachen wollt:<br \/>\n<a href=\"http:\/\/maps.google.de\/maps?f=q&amp;source=embed&amp;hl=de&amp;geocode=&amp;q=maxh%C3%BCtte+,+nordgaustra%C3%9Fe+1&amp;aq=&amp;sll=49.193007,12.09879&amp;sspn=0.004368,0.011362&amp;ie=UTF8&amp;hq=&amp;hnear=Nordgaustra%C3%9Fe+1,+Maxh%C3%BCtte-Haidhof+93142+Maxh%C3%BCtte-Haidhof,+Schwandorf,+Bayern&amp;z=14&amp;ll=49.19338,12.09752\">Gr\u00f6\u00dfere Kartenansicht<\/a><\/p>\n","protected":false},"excerpt":{"rendered":"<p>Unser Verein umfasst mehr als 80 aktive Mitglieder. Die Vereinsleitung setzt sich unter anderem durch den Vereinsleiter Dr. Oldrich Kratochvil 1. Vorstand Markus Winter &nbsp; 2. Vorstand Dirk Heinrich Tel.: 09471 \/ 1285 Jugendleiter Andre Schleinkofer &nbsp; &nbsp; &nbsp; &nbsp; &nbsp; &nbsp; &nbsp; &nbsp; &nbsp; &nbsp; &nbsp; &nbsp; Unsere vier &hellip;<\/p>\n","protected":false},"author":3,"featured_media":0,"parent":0,"menu_order":0,"comment_status":"closed","ping_status":"closed","template":"","meta":{"footnotes":""},"class_list":["post-4","page","type-page","status-publish","hentry"],"_links":{"self":[{"href":"https:\/\/taekwondo-maxhuette.de\/index.php?rest_route=\/wp\/v2\/pages\/4","targetHints":{"allow":["GET"]}}],"collection":[{"href":"https:\/\/taekwondo-maxhuette.de\/index.php?rest_route=\/wp\/v2\/pages"}],"about":[{"href":"https:\/\/taekwondo-maxhuette.de\/index.php?rest_route=\/wp\/v2\/types\/page"}],"author":[{"embeddable":true,"href":"https:\/\/taekwondo-maxhuette.de\/index.php?rest_route=\/wp\/v2\/users\/3"}],"replies":[{"embeddable":true,"href":"https:\/\/taekwondo-maxhuette.de\/index.php?rest_route=%2Fwp%2Fv2%2Fcomments&post=4"}],"version-history":[{"count":0,"href":"https:\/\/taekwondo-maxhuette.de\/index.php?rest_route=\/wp\/v2\/pages\/4\/revisions"}],"wp:attachment":[{"href":"https:\/\/taekwondo-maxhuette.de\/index.php?rest_route=%2Fwp%2Fv2%2Fmedia&parent=4"}],"curies":[{"name":"wp","href":"https:\/\/api.w.org\/{rel}","templated":true}]}}