{"id":24,"date":"2011-04-14T17:02:43","date_gmt":"2011-04-14T17:02:43","guid":{"rendered":"http:\/\/taekwondo-maxhuette.de.dd14908.kasserver.com\/?page_id=24"},"modified":"2024-03-21T16:40:10","modified_gmt":"2024-03-21T16:40:10","slug":"theorie","status":"publish","type":"page","link":"https:\/\/taekwondo-maxhuette.de\/?page_id=24","title":{"rendered":"Theorie"},"content":{"rendered":"<p><strong>Grundvoraussetzung f\u00fcr die Taekwondopr\u00fcfungen sind:<\/strong><\/p>\n<p>&#8211; jedes Mitglied muss einen DTU Pass besitzen, welcher ein 1\/2 Jahr g\u00fcltig sein muss (Passbild und 22\u20ac geht an die BTU)<\/p>\n<p>&#8211; regelm\u00e4\u00dfiges Training entsprechend der Graduierung<\/p>\n<p>&#8211; alle Pr\u00fcfungsinhalte m\u00fcssen sicher beherrscht werden&nbsp;und die Wartezeit muss eingehalten werden (laut Pr\u00fcfungsordnung BTU)<\/p>\n<p>&#8211; beide Trainer m\u00fcssen der Pr\u00fcfung zustimmen (Markus und Dirk)<\/p>\n<p style=\"text-align: center;\">&nbsp;<\/p>\n<p style=\"text-align: center;\">Hier ein paar deutsch-koreanische Begriffe die man im Laufe des Trainings so mitbekommt<img loading=\"lazy\" decoding=\"async\" class=\"aligncenter size-full wp-image-25\" src=\"https:\/\/taekwondo-maxhuette.de.dd14908.kasserver.com\/wp-content\/uploads\/2011\/04\/theorie.jpg\" alt=\"\" width=\"578\" height=\"834\" srcset=\"https:\/\/taekwondo-maxhuette.de\/wp-content\/uploads\/2011\/04\/theorie.jpg 578w, https:\/\/taekwondo-maxhuette.de\/wp-content\/uploads\/2011\/04\/theorie-207x300.jpg 207w\" sizes=\"auto, (max-width: 578px) 100vw, 578px\" \/><\/p>\n<p style=\"text-align: center;\">Taeguk Poomse \/ Sch\u00fclerformen \/ Theorie f\u00fcr die Pr\u00fcfung<\/p>\n<table style=\"width: 600px;\" border=\"0\" cellspacing=\"1\" cellpadding=\"1\" align=\"center\">\n<tbody>\n<tr>\n<td><strong>Taeguk il chang<br \/>\n(1. Poomse)<\/strong><\/td>\n<td><u>Himmel, Licht und Regen<\/u><br \/>\nvom Himmel kommen der Regen und das Licht der Sonne;<br \/>\nmit Himmel wird hier die Sch\u00f6pfung symbolisiert, der Anfang des Seins, gleichbedeutend mit dem Anfang der Entwicklung des Taekwondokas<\/td>\n<\/tr>\n<tr>\n<td><strong>Taeguk i chang<br \/>\n(2. Poomse<\/strong>)<\/td>\n<td><u>Frohsinn und Fr\u00f6hlichkeit<\/u><br \/>\nein vom Frohsinn durchdrungener Mensch verf\u00fcgt \u00fcber eine gefestigte innere Kraft, die ihn ausgeglichen und ruhig er- scheinen und sein l\u00e4\u00dft<\/td>\n<\/tr>\n<tr>\n<td><strong>Taeguk sam chang<br \/>\n(3. Poomse)<\/strong><\/td>\n<td><u>Feuer<\/u><br \/>\ndurch seine Intelligenz hat der Mensch das Feuer gez\u00e4hmt, das dem Mensch W\u00e4rme und Licht gibt und in ihm Leidenschaft, Furcht und Schrecken weckt, das Feuer in uns wird kontrolliert von uns genutzt<\/td>\n<\/tr>\n<tr>\n<td><strong>Taeguk sa chang<br \/>\n(4. Poomse)<\/strong><\/td>\n<td><u>Donner<\/u><br \/>\nDonner und Blitz fl\u00f6\u00dfen dem Menschen Furcht ein, wobei Donner aber auch Kraft und Macht bedeutet, wir treten der Gefahr besonnen gegen\u00fcber und setzen ihr unsere eigenen Kr\u00e4fte entgegen<\/td>\n<\/tr>\n<tr>\n<td><strong>Taeguk oh chang<br \/>\n(5. Poomse)<\/strong><\/td>\n<td><u>Wind<\/u><br \/>\nder Wind symbolisiert die Kraft der Zerst\u00f6rung (Tornado, Orkane) als auch die des Aufbaus (tr\u00e4gt Samen, best\u00e4ubt Pflanzen und vertreibt Wolken)<\/td>\n<\/tr>\n<tr>\n<td><strong>Taeguk yuk chang<br \/>\n(6. Poomse)<\/strong><\/td>\n<td><u>Wasser<\/u><br \/>\nwie das Wasser immer bergab flie\u00dft, flie\u00dfen die Bewegungen dieser Form ineinander \u00fcber, die nur durch die Fu\u00dftechniken unterbrochen werden<\/td>\n<\/tr>\n<tr>\n<td><strong>Taeguk chil chang<br \/>\n(7. Poomse)<\/strong><\/td>\n<td><u>Berg<\/u><br \/>\ndieser steht unverr\u00fcckbar fest, Anhalten und Fortschreiten, beides ist zu seiner Zeit notwendig, wenn man etwas erreichen will<\/td>\n<\/tr>\n<tr>\n<td><strong>Taeguk pal chang<br \/>\n(8. Poomse)<\/strong><\/td>\n<td><u>Erde<\/u><br \/>\ndie Erde ist die Mutter des Lebens, sie bringt dieses nicht nur hervor, sondern sorgt daf\u00fcr, da\u00df es erhalten und entwickelt wird. Sie verk\u00f6rpert die sch\u00f6pferische Kraft des Himmels,<br \/>\nsie zeigt das Wachstum und die Reife des Sch\u00fclers auf dem Weg zum Dantr\u00e4ger<\/td>\n<\/tr>\n<\/tbody>\n<\/table>\n<p>Ein bisschen Praxis sei hier auch noch erw\u00e4hnt.<br \/>\nF\u00fcr Vereinmitglieder gibt es, <a href=\"https:\/\/taekwondo-maxhuette.de\/?page_id=517\">nach passworteingabe, Videos<\/a> von unseren Kitus zu sehen.<\/p>\n<p>&nbsp;<\/p>\n<p>&nbsp;<\/p>\n","protected":false},"excerpt":{"rendered":"<p>Grundvoraussetzung f\u00fcr die Taekwondopr\u00fcfungen sind: &#8211; jedes Mitglied muss einen DTU Pass besitzen, welcher ein 1\/2 Jahr g\u00fcltig sein muss (Passbild und 22\u20ac geht an die BTU) &#8211; regelm\u00e4\u00dfiges Training entsprechend der Graduierung &#8211; alle Pr\u00fcfungsinhalte m\u00fcssen sicher beherrscht werden&nbsp;und die Wartezeit muss eingehalten werden (laut Pr\u00fcfungsordnung BTU) &#8211; beide &hellip;<\/p>\n","protected":false},"author":3,"featured_media":0,"parent":0,"menu_order":2,"comment_status":"closed","ping_status":"closed","template":"","meta":{"footnotes":""},"class_list":["post-24","page","type-page","status-publish","hentry"],"_links":{"self":[{"href":"https:\/\/taekwondo-maxhuette.de\/index.php?rest_route=\/wp\/v2\/pages\/24","targetHints":{"allow":["GET"]}}],"collection":[{"href":"https:\/\/taekwondo-maxhuette.de\/index.php?rest_route=\/wp\/v2\/pages"}],"about":[{"href":"https:\/\/taekwondo-maxhuette.de\/index.php?rest_route=\/wp\/v2\/types\/page"}],"author":[{"embeddable":true,"href":"https:\/\/taekwondo-maxhuette.de\/index.php?rest_route=\/wp\/v2\/users\/3"}],"replies":[{"embeddable":true,"href":"https:\/\/taekwondo-maxhuette.de\/index.php?rest_route=%2Fwp%2Fv2%2Fcomments&post=24"}],"version-history":[{"count":0,"href":"https:\/\/taekwondo-maxhuette.de\/index.php?rest_route=\/wp\/v2\/pages\/24\/revisions"}],"wp:attachment":[{"href":"https:\/\/taekwondo-maxhuette.de\/index.php?rest_route=%2Fwp%2Fv2%2Fmedia&parent=24"}],"curies":[{"name":"wp","href":"https:\/\/api.w.org\/{rel}","templated":true}]}}